{"id":197,"date":"2017-05-22T18:42:38","date_gmt":"2017-05-22T16:42:38","guid":{"rendered":"http:\/\/avnas-meditationsgruppe.de\/?page_id=197"},"modified":"2017-07-25T16:01:20","modified_gmt":"2017-07-25T14:01:20","slug":"versteht-man-darunter","status":"publish","type":"page","link":"https:\/\/avnas-meditationsgruppe.de\/?page_id=197","title":{"rendered":"Was versteht man darunter?"},"content":{"rendered":"<p style=\"text-align: center;\"><img loading=\"lazy\" decoding=\"async\" class=\"aligncenter size-full wp-image-210\" src=\"http:\/\/avnas-meditationsgruppe.de\/wp-content\/uploads\/2017\/06\/Channeln.jpg\" alt=\"\" width=\"761\" height=\"438\" srcset=\"https:\/\/avnas-meditationsgruppe.de\/wp-content\/uploads\/2017\/06\/Channeln.jpg 761w, https:\/\/avnas-meditationsgruppe.de\/wp-content\/uploads\/2017\/06\/Channeln-300x173.jpg 300w\" sizes=\"auto, (max-width: 761px) 100vw, 761px\" \/><br \/>\nIm Prinzip geht es hier um das Thema \u201eChanneling\u201c oder einfacher ausgedr\u00fcckt um den Kontakt zu anderen Welt. Aus der Ich-Position heraus wird eine geistige oder emotionale Verbindung zu etwas aufgebaut, was zumindest in der Wahrnehmung au\u00dferhalb von uns liegt. Dabei spielt es keine Rolle, wie es wahrgenommen wird. Vielleicht haben wir tats\u00e4chlich eine Gestalt die wir sehen, vielleicht sind es auch nur Worte die wir pl\u00f6tzlich h\u00f6ren oder Gef\u00fchle die mit einem Mal in uns auftauchen. Das ist nicht so entscheidend und gibt eher Auskunft \u00fcber unsere pers\u00f6nlichen Vorlieben. Wichtig ist nur, ob uns das was wir erfahren in irgendeiner Weise hilft.<\/p>\n<p style=\"text-align: center;\">Da unterscheidet sich die geistige Welt nicht von unserer Alltagswelt. Auch hier gibt es Menschen, die uns auf unserem Weg unterst\u00fctzen und andere, die wenig Interesse daran haben. Gleichwohl sollte dies nicht als Wertung verstanden werden, sondern lediglich als ein wichtiges Grundgebot, den gesunden Menschenverstand nicht blind der vermeintlich h\u00f6heren Welt zu opfern. Wenn man dies beherzt, findet man in der geistigen Welt treue Wegbegleiter, die sich gerne mit unseren noch so banalen Sorgen besch\u00e4ftigen und manch guten Ratschlag f\u00fcr unsere Probleme parat haben.<br \/>\nIm Folgenden sind einige Ausz\u00fcge aus solchen Gespr\u00e4chen beispielhaft aufgef\u00fchrt.<\/p>\n","protected":false},"excerpt":{"rendered":"<p>Im Prinzip geht es hier um das Thema \u201eChanneling\u201c oder einfacher ausgedr\u00fcckt um den Kontakt zu anderen Welt. Aus der Ich-Position heraus wird eine geistige oder emotionale Verbindung zu etwas aufgebaut, was zumindest in der Wahrnehmung au\u00dferhalb von uns liegt. Dabei spielt es keine Rolle, wie es wahrgenommen wird. Vielleicht haben wir tats\u00e4chlich eine Gestalt [&hellip;]<\/p>\n","protected":false},"author":1,"featured_media":0,"parent":0,"menu_order":0,"comment_status":"closed","ping_status":"closed","template":"","meta":{"footnotes":""},"class_list":["post-197","page","type-page","status-publish","hentry"],"_links":{"self":[{"href":"https:\/\/avnas-meditationsgruppe.de\/index.php?rest_route=\/wp\/v2\/pages\/197","targetHints":{"allow":["GET"]}}],"collection":[{"href":"https:\/\/avnas-meditationsgruppe.de\/index.php?rest_route=\/wp\/v2\/pages"}],"about":[{"href":"https:\/\/avnas-meditationsgruppe.de\/index.php?rest_route=\/wp\/v2\/types\/page"}],"author":[{"embeddable":true,"href":"https:\/\/avnas-meditationsgruppe.de\/index.php?rest_route=\/wp\/v2\/users\/1"}],"replies":[{"embeddable":true,"href":"https:\/\/avnas-meditationsgruppe.de\/index.php?rest_route=%2Fwp%2Fv2%2Fcomments&post=197"}],"version-history":[{"count":8,"href":"https:\/\/avnas-meditationsgruppe.de\/index.php?rest_route=\/wp\/v2\/pages\/197\/revisions"}],"predecessor-version":[{"id":268,"href":"https:\/\/avnas-meditationsgruppe.de\/index.php?rest_route=\/wp\/v2\/pages\/197\/revisions\/268"}],"wp:attachment":[{"href":"https:\/\/avnas-meditationsgruppe.de\/index.php?rest_route=%2Fwp%2Fv2%2Fmedia&parent=197"}],"curies":[{"name":"wp","href":"https:\/\/api.w.org\/{rel}","templated":true}]}}