{"id":112,"date":"2017-03-31T18:39:19","date_gmt":"2017-03-31T16:39:19","guid":{"rendered":"http:\/\/avnas-meditationsgruppe.de\/?page_id=112"},"modified":"2017-07-25T16:13:59","modified_gmt":"2017-07-25T14:13:59","slug":"gespraeche-ueber-meditation","status":"publish","type":"page","link":"https:\/\/avnas-meditationsgruppe.de\/?page_id=112","title":{"rendered":"Gespr\u00e4che \u00fcber Meditation"},"content":{"rendered":"<h2 style=\"text-align: center;\">Cheffe \u00fcber Meditation (2015)<\/h2>\n<table  class=\" table table-hover\" >\n<tbody>\n<tr>\n<td>Jens<\/td>\n<td>Warum soll man meditieren?<\/td>\n<\/tr>\n<tr>\n<td>Cheffe<\/td>\n<td>Meditation ist eine M\u00f6glichkeit, sich seiner inneren Welt zu \u00f6ffnen. Alles was in Deinem Leben eine Rolle spielt ist letztlich nur ein Spiegel f\u00fcr das was in Dir liegt. Der Weg nach Innen ist somit gleicherma\u00dfen ein Weg nach Au\u00dfen, denn \u00fcber das Mehr an Verst\u00e4ndnis f\u00fcr Dich selbst, findest Du auch ein Mehr an Verst\u00e4ndnis f\u00fcr Deine Welt und Dein Schicksal. Wenn Du also etwas an Dir oder Deinem Leben \u00e4ndern m\u00f6chtest, ist Meditation das richtige Mittel f\u00fcr Dich.<\/td>\n<\/tr>\n<tr>\n<td>Jens<\/td>\n<td>Was ist Meditation denn genau?<\/td>\n<\/tr>\n<tr>\n<td>Cheffe<\/td>\n<td>Meditation ist das Aufgehen in Dir und Deiner Welt.<\/td>\n<\/tr>\n<tr>\n<td>Jens<\/td>\n<td>Wieso gibt es so viele Wege und Meditationstechniken?<\/td>\n<\/tr>\n<tr>\n<td>Cheffe<\/td>\n<td>Das ist ganz einfach: Weil es so viele unterschiedliche Menschen gibt. Glaube, Erziehung, Anlagen \u2026 all das bestimmt Deine M\u00f6glichkeiten und entscheidet dar\u00fcber, wie Du Zugang zur geistigen Welt finden kannst.<\/td>\n<\/tr>\n<tr>\n<td>Jens<\/td>\n<td>Was ist wenn ich nicht meditiere?<\/td>\n<\/tr>\n<tr>\n<td>Cheffe<\/td>\n<td>Wenn Du Dich pers\u00f6nlich meinst, wirst Du vermutlich ungl\u00fccklich und unzufrieden mit Dir selbst sein. Wenn Du es allgemein meinst, dann spielt es keine Rolle.<\/td>\n<\/tr>\n<tr>\n<td>Jens<\/td>\n<td>Wie oft sollte man meditieren?<\/td>\n<\/tr>\n<tr>\n<td>Cheffe<\/td>\n<td>Das l\u00e4sst sich nicht so leicht beantworten. F\u00fcr Dich gibt es klare Regeln, f\u00fcr andere Menschen nicht. Was f\u00fcr Dich passt, ist nicht von allgemeiner Natur. Du wei\u00dft selbst, wie sich Deine Bed\u00fcrfnisse \u00fcber die Jahre immer wieder ver\u00e4ndert haben.<\/td>\n<\/tr>\n<tr>\n<td>Jens<\/td>\n<td>Welche Rolle spielt der K\u00f6rper dabei?<\/td>\n<\/tr>\n<tr>\n<td>Cheffe<\/td>\n<td>Eine sehr wichtige. Der K\u00f6rper ist ein Abbild dessen, was in Dir vorgeht. Er war \u00fcberall dabei, hat alles miterlebt. Selbst wenn Du Dich nicht mehr erinnerst, Dein K\u00f6rper wei\u00df es noch!<\/td>\n<\/tr>\n<tr>\n<td>Jens<\/td>\n<td>Vielen Dank!<\/td>\n<\/tr>\n<\/tbody>\n<\/table>\n<h2 style=\"text-align: center;\">Disput mit einem inneren Meister (2014)<\/h2>\n<table  class=\" table table-hover\" >\n<tbody>\n<tr>\n<td>Meister<\/td>\n<td>Was f\u00fchrt Dich zu mir? Was suchst Du hier?<\/td>\n<\/tr>\n<tr>\n<td>Jens<\/td>\n<td>Ich suche nach Antworten und nach neuen Wegen! Kannst Du mir dies geben?<\/td>\n<\/tr>\n<tr>\n<td>Meister<\/td>\n<td>Ich kann Dir Wege aufzeigen und Antworten geben, ob es letztlich auch Deine sein werden, dass liegt nicht in meinem Ermessen.<\/td>\n<\/tr>\n<tr>\n<td>Jens<\/td>\n<td>Was soll das denn bedeuten? Willst Du sagen, ich bin vielleicht zu eigensinnig, um mich auf Dein Wissen einzulassen?<\/td>\n<\/tr>\n<tr>\n<td>Meister<\/td>\n<td>Du bist nur vorsichtig und versuchst zu verhindern, dass Dir etwas aufgezwungen wird, was Dir nicht gut tut. Dahinter steckt nicht zuletzt die tief verwurzelte Erfahrung, dass die Welt voll ist von schlechten Beratern und Predigern, die Deinen Kopf mit Dingen f\u00fcllen wollen, die Du \u00fcberhaupt nicht gebrauchen kannst!<\/td>\n<\/tr>\n<tr>\n<td>Jens<\/td>\n<td>Und das bedeutet jetzt, dass ich von Dir nichts lernen kann?<\/td>\n<\/tr>\n<tr>\n<td>Meister<\/td>\n<td>Nein, nein! Das bedeutet nur, dass Du nicht grundlos misstrauisch bist und dies auch sein solltest!<\/td>\n<\/tr>\n<tr>\n<td>Jens<\/td>\n<td>Ich bin verwirrt! Warum soll ich Dir gegen\u00fcber misstrauisch sein?<\/td>\n<\/tr>\n<tr>\n<td>Meister<\/td>\n<td>Nicht im speziellen mir gegen\u00fcber sondern allgemein, gegen\u00fcber allem was Du h\u00f6rst oder liest! Alles tr\u00e4gt in sich eine Wahrheit, aber nicht jede ist auch f\u00fcr Dich bestimmt!<\/td>\n<\/tr>\n<tr>\n<td>Jens<\/td>\n<td>Wie meinst Du das?<\/td>\n<\/tr>\n<tr>\n<td>Meister<\/td>\n<td>Wir sind komplexe Wesen und unsere pers\u00f6nlichen Lebenswege etwas Losgel\u00f6stes und Freies. Alles was wir in unsere eigene Welt integrieren, sollten wir deshalb vorher genau pr\u00fcfen! Nicht ob es gut oder schlecht ist, sondern ob es f\u00fcr unseren Lebensweg das Richtige ist.<\/td>\n<\/tr>\n<tr>\n<td>Jens<\/td>\n<td>Aber woher wei\u00df ich das?<\/td>\n<\/tr>\n<tr>\n<td>Meister<\/td>\n<td>Der richtige Weg ist ein Weg der inneren Kraft. Er leuchtet, l\u00e4chelt oder zieht Dich einfach nur an. Er ist spannend, aufregend und regt unsere Neugierde. Wenn etwas nicht passt, dann f\u00fchlt es sich tot und leer an.<\/td>\n<\/tr>\n<tr>\n<td>Jens<\/td>\n<td>Also sollte ich pr\u00fcfen, ob Du leuchtest? \ud83d\ude09<\/td>\n<\/tr>\n<tr>\n<td>Meister<\/td>\n<td>Nicht ich muss leuchten sondern Dein Platz als Sch\u00fcler. Wenn dieser leuchtet, dann bist Du hier am richtigen Ort. Aber auch wenn dem so sein sollte, bist Du trotzdem noch immer auf Deinem pers\u00f6nlichen Weg unterwegs! Nur weil vielleicht Dein Platz hier ist, muss das was ich an Wissen und Erfahrungen vertrete, noch lange nicht das Richtige f\u00fcr Dich sein!<\/td>\n<\/tr>\n<tr>\n<td>Jens<\/td>\n<td>Was? Das w\u00fcrde ja bedeuten es w\u00e4re sinnvoll das ich meine Zeit mit Dingen verschwende, die mir nichts bringen? Da klingt ziemlich albern!<\/td>\n<\/tr>\n<tr>\n<td>Meister<\/td>\n<td>Manchmal sind es nicht die Antworten, die wir suchen, sondern die Fragen, die erst durch neue Antworten aufgekommen sind!<\/td>\n<\/tr>\n<tr>\n<td>Jens<\/td>\n<td>Ah, ich glaube ich verstehe was Du meinst!<\/td>\n<\/tr>\n<tr>\n<td>Meister<\/td>\n<td>Niemand kann Dir Deine Erfahrungen nehmen! Alles Neue kann Deine Welt nur vergr\u00f6\u00dfern und verst\u00e4rken! Es kann aber niemals das l\u00f6schen, was schon vorher da war! Wenn \u00fcberhaupt, dann kannst Du das nur selbst tun, indem Du etwas \u00fcber Dich stellst und Dich von Deinen pers\u00f6nlichen Erfahrungen abwendest. Solange Du Dir selbst gegen\u00fcber mit Respekt und Achtung begegnest, kann nichts Deine innere Welt wirklich bedrohen!<\/td>\n<\/tr>\n<tr>\n<td>Jens<\/td>\n<td>Wie kann ich das tun?<\/td>\n<\/tr>\n<tr>\n<td>Meister<\/td>\n<td>Wem geh\u00f6rst Du? Woher kommst Du? Wohin gehst Du? Die Antworten auf diese Fragen bringen Dir auch die Antwort auf Deine Ursprungsfrage.<\/td>\n<\/tr>\n<tr>\n<td>Jens<\/td>\n<td>Warum gibst Du mir die Antwort nicht einfach?<\/td>\n<\/tr>\n<tr>\n<td>Meister<\/td>\n<td>Es gibt Antworten, die lassen sich mit Worten ausdr\u00fccken und es gibt Antworten, die kann man nur f\u00fcr sich selbst verstehen!<\/td>\n<\/tr>\n<tr>\n<td>Jens<\/td>\n<td>Na super! Danke f\u00fcr die Hilfe!<\/td>\n<\/tr>\n<tr>\n<td>Meister<\/td>\n<td>(lacht)<\/td>\n<\/tr>\n<tr>\n<td>Jens<\/td>\n<td>Na gut, mal angenommen es ist so \u2026 wie verhalte ich mich nun am besten hier?<\/td>\n<\/tr>\n<tr>\n<td>Meister<\/td>\n<td>Darauf kann ich Dir keine Antwort geben! Die Frage ist, wie Du Dich gerne verhalten wollen w\u00fcrdest?<\/td>\n<\/tr>\n<tr>\n<td>Jens<\/td>\n<td>Hm, ich bin zwiegespalten irgendwie. Einerseits m\u00f6chte ich mich einbringen und auf alles einlassen, andererseits f\u00fcrchte ich, mich selbst darin zu verlieren?<\/td>\n<\/tr>\n<tr>\n<td>Meister<\/td>\n<td>Einlassen und Einbringen bedeutet nicht automatisch alles annehmen zu m\u00fcssen! Es bedeutet aber neue Erfahrungen, aus denen wir wiederum f\u00fcr unsere pers\u00f6nliche Entwicklung sch\u00f6pfen k\u00f6nnen. Auf die eine oder andere Art &#8230;<\/td>\n<\/tr>\n<tr>\n<td>Jens<\/td>\n<td>Dar\u00fcber muss ich erstmal nachdenken! Danke sehr!<\/td>\n<\/tr>\n<tr>\n<td>Meister<\/td>\n<td>Bitte.<\/td>\n<\/tr>\n<\/tbody>\n<\/table>\n","protected":false},"excerpt":{"rendered":"<p>Cheffe \u00fcber Meditation (2015) Jens Warum soll man meditieren? Cheffe Meditation ist eine M\u00f6glichkeit, sich seiner inneren Welt zu \u00f6ffnen. Alles was in Deinem Leben eine Rolle spielt ist letztlich nur ein Spiegel f\u00fcr das was in Dir liegt. Der Weg nach Innen ist somit gleicherma\u00dfen ein Weg nach Au\u00dfen, denn \u00fcber das Mehr an [&hellip;]<\/p>\n","protected":false},"author":1,"featured_media":0,"parent":0,"menu_order":0,"comment_status":"closed","ping_status":"closed","template":"","meta":{"footnotes":""},"class_list":["post-112","page","type-page","status-publish","hentry"],"_links":{"self":[{"href":"https:\/\/avnas-meditationsgruppe.de\/index.php?rest_route=\/wp\/v2\/pages\/112","targetHints":{"allow":["GET"]}}],"collection":[{"href":"https:\/\/avnas-meditationsgruppe.de\/index.php?rest_route=\/wp\/v2\/pages"}],"about":[{"href":"https:\/\/avnas-meditationsgruppe.de\/index.php?rest_route=\/wp\/v2\/types\/page"}],"author":[{"embeddable":true,"href":"https:\/\/avnas-meditationsgruppe.de\/index.php?rest_route=\/wp\/v2\/users\/1"}],"replies":[{"embeddable":true,"href":"https:\/\/avnas-meditationsgruppe.de\/index.php?rest_route=%2Fwp%2Fv2%2Fcomments&post=112"}],"version-history":[{"count":12,"href":"https:\/\/avnas-meditationsgruppe.de\/index.php?rest_route=\/wp\/v2\/pages\/112\/revisions"}],"predecessor-version":[{"id":273,"href":"https:\/\/avnas-meditationsgruppe.de\/index.php?rest_route=\/wp\/v2\/pages\/112\/revisions\/273"}],"wp:attachment":[{"href":"https:\/\/avnas-meditationsgruppe.de\/index.php?rest_route=%2Fwp%2Fv2%2Fmedia&parent=112"}],"curies":[{"name":"wp","href":"https:\/\/api.w.org\/{rel}","templated":true}]}}